{"id":54,"date":"2024-09-24T14:56:07","date_gmt":"2024-09-24T12:56:07","guid":{"rendered":"https:\/\/wordpress.p678085.webspaceconfig.de\/?page_id=54"},"modified":"2025-01-15T11:58:37","modified_gmt":"2025-01-15T10:58:37","slug":"systemintegration","status":"publish","type":"page","link":"https:\/\/riohill.de\/index.php\/systemintegration\/","title":{"rendered":"Systemintegration"},"content":{"rendered":"\t\t<div data-elementor-type=\"wp-page\" data-elementor-id=\"54\" class=\"elementor elementor-54\" data-elementor-post-type=\"page\">\n\t\t\t\t<div class=\"elementor-element elementor-element-1ed90353 e-flex e-con-boxed e-con e-parent\" data-id=\"1ed90353\" data-element_type=\"container\" data-settings=\"{&quot;background_background&quot;:&quot;classic&quot;}\">\n\t\t\t\t\t<div class=\"e-con-inner\">\n\t\t\t\t\t<\/div>\n\t\t\t\t<\/div>\n\t\t<div class=\"elementor-element elementor-element-862d4b0 e-flex e-con-boxed e-con e-parent\" data-id=\"862d4b0\" data-element_type=\"container\">\n\t\t\t\t\t<div class=\"e-con-inner\">\n\t\t\t\t<div class=\"elementor-element elementor-element-7f87fa82 elementor-widget elementor-widget-heading\" data-id=\"7f87fa82\" data-element_type=\"widget\" data-widget_type=\"heading.default\">\n\t\t\t\t<div class=\"elementor-widget-container\">\n\t\t\t<h1 class=\"elementor-heading-title elementor-size-default\">Optimierte KNX-Planung f\u00fcr Smart Homes<\/h1>\t\t<\/div>\n\t\t\t\t<\/div>\n\t\t\t\t<div class=\"elementor-element elementor-element-41337b12 elementor-widget__width-initial elementor-widget elementor-widget-text-editor\" data-id=\"41337b12\" data-element_type=\"widget\" data-widget_type=\"text-editor.default\">\n\t\t\t\t<div class=\"elementor-widget-container\">\n\t\t\t\t\t\t\t<p>KNX ist der international anerkannte Standard f\u00fcr intelligente Geb\u00e4udesteuerung und bietet eine zukunftssichere L\u00f6sung f\u00fcr moderne Smart Homes. \u00dcber 400 Hersteller weltweit haben sich diesem Standard angeschlossen und stellen eine breite Palette von Ger\u00e4ten und Softwarel\u00f6sungen zur Verf\u00fcgung, die auf dieser innovativen Technologie basieren.<\/p><p>Mit KNX realisieren wir individuelle Smart Home-L\u00f6sungen, die Komfort, Sicherheit und Energieeffizienz in Ihrem Zuhause vereinen. Egal, ob Sie Ihre Beleuchtung steuern, Heizungs- und Klimaanlagen optimieren oder Sicherheitsfunktionen integrieren m\u00f6chten \u2013 KNX erm\u00f6glicht Ihnen eine nahtlose Vernetzung aller Systeme.<\/p><p>Profitieren Sie von den Vorteilen einer professionellen KNX-Planung und verwandeln Sie Ihr Zuhause in ein intelligentes, vernetztes Umfeld, das Ihren Lebensstil unterst\u00fctzt und gleichzeitig Energiekosten senkt. Vertrauen Sie auf unsere Expertise in der KNX-Integration und gestalten Sie Ihr Smart Home nach Ihren W\u00fcnschen!<\/p>\t\t\t\t\t\t<\/div>\n\t\t\t\t<\/div>\n\t\t\t\t\t<\/div>\n\t\t\t\t<\/div>\n\t\t<div class=\"elementor-element elementor-element-f81fa45 e-flex e-con-boxed e-con e-parent\" data-id=\"f81fa45\" data-element_type=\"container\">\n\t\t\t\t\t<div class=\"e-con-inner\">\n\t\t<div class=\"elementor-element elementor-element-bef95f3 e-con-full e-flex e-con e-child\" data-id=\"bef95f3\" data-element_type=\"container\">\n\t\t\t\t<div class=\"elementor-element elementor-element-ea09135 elementor-widget elementor-widget-image\" data-id=\"ea09135\" data-element_type=\"widget\" data-widget_type=\"image.default\">\n\t\t\t\t<div class=\"elementor-widget-container\">\n\t\t\t\t\t\t\t\t\t\t\t\t\t<img fetchpriority=\"high\" decoding=\"async\" width=\"2560\" height=\"1636\" src=\"https:\/\/riohill.de\/wp-content\/uploads\/2024\/09\/iStock-1225043549-scaled.jpg\" class=\"attachment-full size-full wp-image-36\" alt=\"\" srcset=\"https:\/\/riohill.de\/wp-content\/uploads\/2024\/09\/iStock-1225043549-scaled.jpg 2560w, https:\/\/riohill.de\/wp-content\/uploads\/2024\/09\/iStock-1225043549-300x192.jpg 300w, https:\/\/riohill.de\/wp-content\/uploads\/2024\/09\/iStock-1225043549-1024x654.jpg 1024w, https:\/\/riohill.de\/wp-content\/uploads\/2024\/09\/iStock-1225043549-768x491.jpg 768w, https:\/\/riohill.de\/wp-content\/uploads\/2024\/09\/iStock-1225043549-1536x982.jpg 1536w, https:\/\/riohill.de\/wp-content\/uploads\/2024\/09\/iStock-1225043549-2048x1309.jpg 2048w\" sizes=\"(max-width: 2560px) 100vw, 2560px\" \/>\t\t\t\t\t\t\t\t\t\t\t\t\t<\/div>\n\t\t\t\t<\/div>\n\t\t\t\t<\/div>\n\t\t<div class=\"elementor-element elementor-element-242fd6e e-con-full e-flex e-con e-child\" data-id=\"242fd6e\" data-element_type=\"container\">\n\t\t\t\t<div class=\"elementor-element elementor-element-66b60b5 elementor-widget elementor-widget-heading\" data-id=\"66b60b5\" data-element_type=\"widget\" data-widget_type=\"heading.default\">\n\t\t\t\t<div class=\"elementor-widget-container\">\n\t\t\t<h2 class=\"elementor-heading-title elementor-size-default\">Zukunftssichere Planung aus Expertenhand<\/h2>\t\t<\/div>\n\t\t\t\t<\/div>\n\t\t\t\t<div class=\"elementor-element elementor-element-a4045dc elementor-widget elementor-widget-text-editor\" data-id=\"a4045dc\" data-element_type=\"widget\" data-widget_type=\"text-editor.default\">\n\t\t\t\t<div class=\"elementor-widget-container\">\n\t\t\t\t\t\t\t<p>Um ein Geb\u00e4ude zukunftssicher zu gestalten und flexibel auf sich ver\u00e4ndernde Marktentwicklungen reagieren zu k\u00f6nnen, ist die Integration intelligenter Geb\u00e4udetechnik unerl\u00e4sslich. Das KNX-System hat sich als eines der vielseitigsten Systeme etabliert und gewinnt zunehmend an internationaler Bedeutung.<\/p><p>Mit einer soliden Basisausstattung legen Sie den Grundstein f\u00fcr eine zukunftsorientierte Erweiterung Ihrer Anlage sowie die Integration smarter Steuerungen. Wir bieten Ihnen alles aus einer Hand: von CADgest\u00fctzten Elektropl\u00e4nen \u00fcber ein detailliertes Leistungsverzeichnis bis hin zur pers\u00f6nlichen Betreuung<br \/>durch unsere erfahrenen Planer. Diese begleiten Sie vom ersten Gespr\u00e4ch bis zur finalen Abnahme Ihres Projekts.<\/p><p>Egal, ob es sich um einen innovativen Neubau, einen intelligenten Umbau, effizientes Energiemanagement oder vernetzte Automatisierung handelt \u2013 gemeinsam mit unseren Partnern stehen wir Ihnen bei jedem Schritt Ihres Projekts zur Seite. Vertrauen Sie auf unsere Expertise und gestalten Sie Ihre Immobilie zukunftssicher!<\/p>\t\t\t\t\t\t<\/div>\n\t\t\t\t<\/div>\n\t\t\t\t<div class=\"elementor-element elementor-element-05890f8 elementor-tablet-align-center elementor-mobile-align-left elementor-widget elementor-widget-button\" data-id=\"05890f8\" data-element_type=\"widget\" data-widget_type=\"button.default\">\n\t\t\t\t<div class=\"elementor-widget-container\">\n\t\t\t\t\t<div class=\"elementor-button-wrapper\">\n\t\t\t<a class=\"elementor-button elementor-button-link elementor-size-sm\" href=\"https:\/\/riohill.de\/index.php\/kontakt\/\">\n\t\t\t\t\t\t<span class=\"elementor-button-content-wrapper\">\n\t\t\t\t\t\t\t\t\t<span class=\"elementor-button-text\">Termin vereinbaren<\/span>\n\t\t\t\t\t<\/span>\n\t\t\t\t\t<\/a>\n\t\t<\/div>\n\t\t\t\t<\/div>\n\t\t\t\t<\/div>\n\t\t\t\t<\/div>\n\t\t\t\t\t<\/div>\n\t\t\t\t<\/div>\n\t\t<div class=\"elementor-element elementor-element-e74f25a e-flex e-con-boxed e-con e-parent\" data-id=\"e74f25a\" data-element_type=\"container\">\n\t\t\t\t\t<div class=\"e-con-inner\">\n\t\t<div class=\"elementor-element elementor-element-e3d222b e-con-full e-flex e-con e-child\" data-id=\"e3d222b\" data-element_type=\"container\">\n\t\t<div class=\"elementor-element elementor-element-89cdb02 e-con-full e-flex e-con e-child\" data-id=\"89cdb02\" data-element_type=\"container\">\n\t\t\t\t<div class=\"elementor-element elementor-element-6909220 elementor-widget elementor-widget-heading\" data-id=\"6909220\" data-element_type=\"widget\" data-widget_type=\"heading.default\">\n\t\t\t\t<div class=\"elementor-widget-container\">\n\t\t\t<h2 class=\"elementor-heading-title elementor-size-default\">Optimierte Daten- und Netzwerktechnik f\u00fcr Ihre Kommunikationsbed\u00fcrfnisse<\/h2>\t\t<\/div>\n\t\t\t\t<\/div>\n\t\t\t\t<div class=\"elementor-element elementor-element-025b9dc elementor-widget elementor-widget-text-editor\" data-id=\"025b9dc\" data-element_type=\"widget\" data-widget_type=\"text-editor.default\">\n\t\t\t\t<div class=\"elementor-widget-container\">\n\t\t\t\t\t\t\t<p>In der heutigen digitalen Welt ist eine zuverl\u00e4ssige Daten- und Netzwerktechnik unerl\u00e4sslich f\u00fcr eine reibungslose Kommunikation. Neben klassischen Telefon- und EDV-Systemen gewinnen auch Musik- und Fernsehdienste sowie die \u00dcbertragung von Daten aus Sprechanlagen und Videokameras zunehmend an Bedeutung. Egal, ob f\u00fcr Ihr privates Zuhause oder Ihr Unternehmen \u2013 ein ma\u00dfgeschneidertes Datennetzwerk ist entscheidend, um Ihre individuellen Anforderungen zu erf\u00fcllen.<\/p><p>Der erste Schritt in unserer Zusammenarbeit besteht darin, Ihre spezifischen Bed\u00fcrfnisse genau zu analysieren. Gemeinsam planen wir das optimale System und \u00fcbernehmen die vollst\u00e4ndige Installation. Dabei setzen wir auf modernste technische Komponenten, die sich nahtlos in Ihr bestehendes<br \/>Kommunikationsprofil integrieren lassen.<\/p><p>Wir legen gro\u00dfen Wert auf eine sorgf\u00e4ltige Dokumentation jedes Schrittes, um einen reibungslosen Service, Wartung und schnelle St\u00f6rungsbehebung zu gew\u00e4hrleisten. Vertrauen Sie auf unsere Expertise f\u00fcr eine zukunftssichere Daten- und Netzwerktechnik, die Ihnen hilft, effizienter zu kommunizieren und Ihre Ziele zu erreichen!<\/p>\t\t\t\t\t\t<\/div>\n\t\t\t\t<\/div>\n\t\t\t\t<\/div>\n\t\t<div class=\"elementor-element elementor-element-cab9594 e-con-full e-flex e-con e-child\" data-id=\"cab9594\" data-element_type=\"container\">\n\t\t\t\t<div class=\"elementor-element elementor-element-c026161 elementor-widget elementor-widget-image\" data-id=\"c026161\" data-element_type=\"widget\" data-widget_type=\"image.default\">\n\t\t\t\t<div class=\"elementor-widget-container\">\n\t\t\t\t\t\t\t\t\t\t\t\t\t<img decoding=\"async\" width=\"2560\" height=\"1581\" src=\"https:\/\/riohill.de\/wp-content\/uploads\/2024\/09\/iStock-1312912134-scaled.jpg\" class=\"attachment-full size-full wp-image-39\" alt=\"\" srcset=\"https:\/\/riohill.de\/wp-content\/uploads\/2024\/09\/iStock-1312912134-scaled.jpg 2560w, https:\/\/riohill.de\/wp-content\/uploads\/2024\/09\/iStock-1312912134-300x185.jpg 300w, https:\/\/riohill.de\/wp-content\/uploads\/2024\/09\/iStock-1312912134-1024x632.jpg 1024w, https:\/\/riohill.de\/wp-content\/uploads\/2024\/09\/iStock-1312912134-768x474.jpg 768w, https:\/\/riohill.de\/wp-content\/uploads\/2024\/09\/iStock-1312912134-1536x949.jpg 1536w, https:\/\/riohill.de\/wp-content\/uploads\/2024\/09\/iStock-1312912134-2048x1265.jpg 2048w\" sizes=\"(max-width: 2560px) 100vw, 2560px\" \/>\t\t\t\t\t\t\t\t\t\t\t\t\t<\/div>\n\t\t\t\t<\/div>\n\t\t\t\t<\/div>\n\t\t\t\t<\/div>\n\t\t\t\t\t<\/div>\n\t\t\t\t<\/div>\n\t\t<div class=\"elementor-element elementor-element-ccfe541 e-flex e-con-boxed e-con e-parent\" data-id=\"ccfe541\" data-element_type=\"container\">\n\t\t\t\t\t<div class=\"e-con-inner\">\n\t\t<div class=\"elementor-element elementor-element-891bf6c e-con-full e-flex e-con e-child\" data-id=\"891bf6c\" data-element_type=\"container\">\n\t\t<div class=\"elementor-element elementor-element-f33b706 e-con-full e-flex e-con e-child\" data-id=\"f33b706\" data-element_type=\"container\">\n\t\t\t\t<div class=\"elementor-element elementor-element-f521fb1 elementor-widget__width-initial elementor-widget elementor-widget-image\" data-id=\"f521fb1\" data-element_type=\"widget\" data-widget_type=\"image.default\">\n\t\t\t\t<div class=\"elementor-widget-container\">\n\t\t\t\t\t\t\t\t\t\t\t\t\t<img decoding=\"async\" width=\"2560\" height=\"1815\" src=\"https:\/\/riohill.de\/wp-content\/uploads\/2024\/09\/iStock-1285410936-scaled.jpg\" class=\"attachment-full size-full wp-image-37\" alt=\"\" srcset=\"https:\/\/riohill.de\/wp-content\/uploads\/2024\/09\/iStock-1285410936-scaled.jpg 2560w, https:\/\/riohill.de\/wp-content\/uploads\/2024\/09\/iStock-1285410936-300x213.jpg 300w, https:\/\/riohill.de\/wp-content\/uploads\/2024\/09\/iStock-1285410936-1024x726.jpg 1024w, https:\/\/riohill.de\/wp-content\/uploads\/2024\/09\/iStock-1285410936-768x544.jpg 768w, https:\/\/riohill.de\/wp-content\/uploads\/2024\/09\/iStock-1285410936-1536x1089.jpg 1536w, https:\/\/riohill.de\/wp-content\/uploads\/2024\/09\/iStock-1285410936-2048x1452.jpg 2048w\" sizes=\"(max-width: 2560px) 100vw, 2560px\" \/>\t\t\t\t\t\t\t\t\t\t\t\t\t<\/div>\n\t\t\t\t<\/div>\n\t\t\t\t<\/div>\n\t\t<div class=\"elementor-element elementor-element-62047ac e-con-full e-flex e-con e-child\" data-id=\"62047ac\" data-element_type=\"container\">\n\t\t\t\t<div class=\"elementor-element elementor-element-976a200 elementor-widget elementor-widget-heading\" data-id=\"976a200\" data-element_type=\"widget\" data-widget_type=\"heading.default\">\n\t\t\t\t<div class=\"elementor-widget-container\">\n\t\t\t<h2 class=\"elementor-heading-title elementor-size-default\">Photovoltaik: Autarkie und Energie-effizienz f\u00fcr Ihr Zuhause<\/h2>\t\t<\/div>\n\t\t\t\t<\/div>\n\t\t\t\t<div class=\"elementor-element elementor-element-ff212a1 elementor-widget elementor-widget-text-editor\" data-id=\"ff212a1\" data-element_type=\"widget\" data-widget_type=\"text-editor.default\">\n\t\t\t\t<div class=\"elementor-widget-container\">\n\t\t\t\t\t\t\t<p>Nutzen Sie die Vorteile der selbstproduzierten Solarenergie! Mit einer Photovoltaikanlage k\u00f6nnen Sie Ihren eigenen Strom erzeugen und so Netzentgelte, Abgaben und Stromsteuern vermeiden. Dies verschafft Ihnen nicht nur einen erheblichen finanziellen Vorteil, sondern tr\u00e4gt auch zur Unabh\u00e4ngigkeit von steigenden Energiepreisen bei.<\/p>\t\t\t\t\t\t<\/div>\n\t\t\t\t<\/div>\n\t\t\t\t<\/div>\n\t\t\t\t<\/div>\n\t\t\t\t\t<\/div>\n\t\t\t\t<\/div>\n\t\t<div class=\"elementor-element elementor-element-8c6ab63 e-flex e-con-boxed e-con e-parent\" data-id=\"8c6ab63\" data-element_type=\"container\">\n\t\t\t\t\t<div class=\"e-con-inner\">\n\t\t\t\t<div class=\"elementor-element elementor-element-ad267c0 elementor-widget elementor-widget-heading\" data-id=\"ad267c0\" data-element_type=\"widget\" data-widget_type=\"heading.default\">\n\t\t\t\t<div class=\"elementor-widget-container\">\n\t\t\t<h1 class=\"elementor-heading-title elementor-size-default\">Intelligentes E-Charging f\u00fcr Ihre Garage<\/h1>\t\t<\/div>\n\t\t\t\t<\/div>\n\t\t\t\t<div class=\"elementor-element elementor-element-2cdb741 elementor-widget__width-initial elementor-widget elementor-widget-text-editor\" data-id=\"2cdb741\" data-element_type=\"widget\" data-widget_type=\"text-editor.default\">\n\t\t\t\t<div class=\"elementor-widget-container\">\n\t\t\t\t\t\t\t<p>Profitieren Sie von einer intelligenten Lastausgleichsl\u00f6sung, die es Ihnen erm\u00f6glicht, Priorit\u00e4ten f\u00fcr Ihre technischen Ger\u00e4te festzulegen. Wenn der Ladestrom reduziert werden muss, k\u00f6nnen beispielsweise W\u00e4rmeerzeugung, Beleuchtung und Aufz\u00fcge in einem Mehrfamilienhaus Vorrang erhalten. So stellen Sie sicher, dass Systeme stets zuverl\u00e4ssig funktionieren.<\/p><p>Angesichts der kontinuierlichen steigenden Strompreise in den letzten Jahren ist die Erzeugung von eigenem Strom durch Photovoltaik eine effektive M\u00f6glichkeit, um Kosten zu senken und gleichzeitig umweltfreundlich zu handeln. Investieren Sie in eine nachhaltige Zukunft &#8211; mit Photovoltaik!<\/p>\t\t\t\t\t\t<\/div>\n\t\t\t\t<\/div>\n\t\t\t\t\t<\/div>\n\t\t\t\t<\/div>\n\t\t\t\t<\/div>\n\t\t","protected":false},"excerpt":{"rendered":"<p>Optimierte KNX-Planung f\u00fcr Smart Homes KNX ist der international anerkannte Standard f\u00fcr intelligente Geb\u00e4udesteuerung und bietet eine zukunftssichere L\u00f6sung f\u00fcr moderne Smart Homes. \u00dcber 400 Hersteller weltweit haben sich diesem Standard angeschlossen und stellen eine breite Palette von Ger\u00e4ten und Softwarel\u00f6sungen zur Verf\u00fcgung, die auf dieser innovativen Technologie basieren. Mit KNX realisieren wir individuelle Smart [&hellip;]<\/p>\n","protected":false},"author":1,"featured_media":0,"parent":0,"menu_order":0,"comment_status":"closed","ping_status":"closed","template":"","meta":{"footnotes":""},"class_list":["post-54","page","type-page","status-publish","hentry"],"_links":{"self":[{"href":"https:\/\/riohill.de\/index.php\/wp-json\/wp\/v2\/pages\/54","targetHints":{"allow":["GET"]}}],"collection":[{"href":"https:\/\/riohill.de\/index.php\/wp-json\/wp\/v2\/pages"}],"about":[{"href":"https:\/\/riohill.de\/index.php\/wp-json\/wp\/v2\/types\/page"}],"author":[{"embeddable":true,"href":"https:\/\/riohill.de\/index.php\/wp-json\/wp\/v2\/users\/1"}],"replies":[{"embeddable":true,"href":"https:\/\/riohill.de\/index.php\/wp-json\/wp\/v2\/comments?post=54"}],"version-history":[{"count":37,"href":"https:\/\/riohill.de\/index.php\/wp-json\/wp\/v2\/pages\/54\/revisions"}],"predecessor-version":[{"id":558,"href":"https:\/\/riohill.de\/index.php\/wp-json\/wp\/v2\/pages\/54\/revisions\/558"}],"wp:attachment":[{"href":"https:\/\/riohill.de\/index.php\/wp-json\/wp\/v2\/media?parent=54"}],"curies":[{"name":"wp","href":"https:\/\/api.w.org\/{rel}","templated":true}]}}