{"id":233,"date":"2024-10-01T09:32:05","date_gmt":"2024-10-01T07:32:05","guid":{"rendered":"https:\/\/wordpress.p678085.webspaceconfig.de\/?page_id=233"},"modified":"2024-11-04T09:42:23","modified_gmt":"2024-11-04T08:42:23","slug":"elektroinstallateure","status":"publish","type":"page","link":"https:\/\/riohill.de\/index.php\/elektroinstallateure\/","title":{"rendered":"Elektroinstallateure"},"content":{"rendered":"\t\t<div data-elementor-type=\"wp-page\" data-elementor-id=\"233\" class=\"elementor elementor-233\" data-elementor-post-type=\"page\">\n\t\t\t\t<div class=\"elementor-element elementor-element-56b7d094 e-con-full e-flex e-con e-parent\" data-id=\"56b7d094\" data-element_type=\"container\" data-settings=\"{&quot;background_background&quot;:&quot;classic&quot;}\">\n\t\t<div class=\"elementor-element elementor-element-4f1e1002 e-con-full e-flex e-con e-child\" data-id=\"4f1e1002\" data-element_type=\"container\">\n\t\t\t\t<div class=\"elementor-element elementor-element-52bfbf72 elementor-widget elementor-widget-image\" data-id=\"52bfbf72\" data-element_type=\"widget\" data-widget_type=\"image.default\">\n\t\t\t\t<div class=\"elementor-widget-container\">\n\t\t\t\t\t\t\t\t\t\t\t\t\t<img fetchpriority=\"high\" decoding=\"async\" width=\"800\" height=\"534\" src=\"https:\/\/riohill.de\/wp-content\/uploads\/2024\/10\/iStock-2149528177-1024x683.jpg\" class=\"attachment-large size-large wp-image-406\" alt=\"\" srcset=\"https:\/\/riohill.de\/wp-content\/uploads\/2024\/10\/iStock-2149528177-1024x683.jpg 1024w, https:\/\/riohill.de\/wp-content\/uploads\/2024\/10\/iStock-2149528177-300x200.jpg 300w, https:\/\/riohill.de\/wp-content\/uploads\/2024\/10\/iStock-2149528177-768x512.jpg 768w, https:\/\/riohill.de\/wp-content\/uploads\/2024\/10\/iStock-2149528177-1536x1024.jpg 1536w, https:\/\/riohill.de\/wp-content\/uploads\/2024\/10\/iStock-2149528177-2048x1365.jpg 2048w\" sizes=\"(max-width: 800px) 100vw, 800px\" \/>\t\t\t\t\t\t\t\t\t\t\t\t\t<\/div>\n\t\t\t\t<\/div>\n\t\t\t\t<\/div>\n\t\t<div class=\"elementor-element elementor-element-1d21022f e-con-full e-flex e-con e-child\" data-id=\"1d21022f\" data-element_type=\"container\">\n\t\t\t\t<div class=\"elementor-element elementor-element-78d4e612 elementor-widget elementor-widget-heading\" data-id=\"78d4e612\" data-element_type=\"widget\" data-widget_type=\"heading.default\">\n\t\t\t\t<div class=\"elementor-widget-container\">\n\t\t\t<h1 class=\"elementor-heading-title elementor-size-default\">Elektroinstallateure<\/h1>\t\t<\/div>\n\t\t\t\t<\/div>\n\t\t\t\t<div class=\"elementor-element elementor-element-1f2b7cb elementor-widget elementor-widget-text-editor\" data-id=\"1f2b7cb\" data-element_type=\"widget\" data-widget_type=\"text-editor.default\">\n\t\t\t\t<div class=\"elementor-widget-container\">\n\t\t\t\t\t\t\t<p>Wir sehen uns als starken Partner der Elektrobranche. Als\u00a0Dienstleister f\u00fcr Sie arbeiten unsere Systemintegratoren unterst\u00fctzend in Ihren KNX-Projekten und entwickeln gemeinsam mit Ihnen ein Konzept, mit dem der Endkunde voll und ganz zufrieden ist.<\/p><p>Wir wissen, was Elektrounternehmen brauchen, wenn es um die KNX-Programmierung eines Smart Home Systems geht. Gemeinsam mit Ihnen gehen wir diesen Schritt in der Projektumsetzung. Sie sagen uns, welche Automatisierungsl\u00f6sungen Ihre Kunden w\u00fcnschen und welche elektrische Infrastruktur Sie daf\u00fcr bauen \u2013 wir programmieren Ihnen die dazu passenden smarten Szenarien.<\/p><p>Mit unserem geschulten Team von KNX-Systemintegratoren garantieren wir Ihnen, dass die Kundenanlagen sicher und einwandfrei laufen.<\/p>\t\t\t\t\t\t<\/div>\n\t\t\t\t<\/div>\n\t\t\t\t<div class=\"elementor-element elementor-element-02eebb8 elementor-tablet-align-center elementor-mobile-align-left elementor-widget elementor-widget-button\" data-id=\"02eebb8\" data-element_type=\"widget\" data-widget_type=\"button.default\">\n\t\t\t\t<div class=\"elementor-widget-container\">\n\t\t\t\t\t<div class=\"elementor-button-wrapper\">\n\t\t\t<a class=\"elementor-button elementor-button-link elementor-size-sm\" href=\"https:\/\/riohill.de\/index.php\/kontakt\/\">\n\t\t\t\t\t\t<span class=\"elementor-button-content-wrapper\">\n\t\t\t\t\t\t\t\t\t<span class=\"elementor-button-text\">Termin vereinbaren<\/span>\n\t\t\t\t\t<\/span>\n\t\t\t\t\t<\/a>\n\t\t<\/div>\n\t\t\t\t<\/div>\n\t\t\t\t<\/div>\n\t\t\t\t<\/div>\n\t\t\t\t<\/div>\n\t\t<div class=\"elementor-element elementor-element-4a6dc65a e-con-full e-flex e-con e-parent\" data-id=\"4a6dc65a\" data-element_type=\"container\" data-settings=\"{&quot;background_background&quot;:&quot;classic&quot;}\">\n\t\t<div class=\"elementor-element elementor-element-34d48791 e-con-full e-flex e-con e-child\" data-id=\"34d48791\" data-element_type=\"container\">\n\t\t\t\t<div class=\"elementor-element elementor-element-4f7830e1 elementor-widget elementor-widget-text-editor\" data-id=\"4f7830e1\" data-element_type=\"widget\" data-widget_type=\"text-editor.default\">\n\t\t\t\t<div class=\"elementor-widget-container\">\n\t\t\t\t\t\t\t<p>Durch unser Know-how aus langj\u00e4hriger Projektarbeit stellen wir bereits vor der eigentlichen Planungsphase die richtigen Fragen. Gemeinsam mit Ihnen m\u00f6chten wir herausfinden, auf welche Themen in der Projektplanung der Schwerpunkt gelegt werden sollte. Jedes smart home ist so individuell wie sein Bewohner. Deshalb ist es wichtig, bereits in diesem fr\u00fchen Stadium auch an zuk\u00fcnftige Erweiterungsm\u00f6glichkeiten zu denken und diese ggf. vorzusehen.<\/p><p><b>Wir bieten:<\/b><\/p><ul class=\"tt-list01\"><li><b>Beratung &amp; Planung der KNX-Anlage<\/b><\/li><li><b>Programmierung von KNX-Systemen<\/b><\/li><li><b>Inbetriebnahme von KNX-Anlagen<\/b><\/li><li><b>Erstellung von Visualisierungen<\/b><\/li><li><b>Rekonstruktion von KNX \/EIB Anlagen<\/b><\/li><\/ul>\t\t\t\t\t\t<\/div>\n\t\t\t\t<\/div>\n\t\t\t\t<\/div>\n\t\t<div class=\"elementor-element elementor-element-f2e855d e-con-full e-flex e-con e-child\" data-id=\"f2e855d\" data-element_type=\"container\">\n\t\t\t\t<div class=\"elementor-element elementor-element-422cb380 elementor-widget elementor-widget-image\" data-id=\"422cb380\" data-element_type=\"widget\" data-widget_type=\"image.default\">\n\t\t\t\t<div class=\"elementor-widget-container\">\n\t\t\t\t\t\t\t\t\t\t\t\t\t<img decoding=\"async\" width=\"800\" height=\"534\" src=\"https:\/\/riohill.de\/wp-content\/uploads\/2024\/10\/iStock-1322507941-1024x683.jpg\" class=\"attachment-large size-large wp-image-402\" alt=\"\" srcset=\"https:\/\/riohill.de\/wp-content\/uploads\/2024\/10\/iStock-1322507941-1024x683.jpg 1024w, https:\/\/riohill.de\/wp-content\/uploads\/2024\/10\/iStock-1322507941-300x200.jpg 300w, https:\/\/riohill.de\/wp-content\/uploads\/2024\/10\/iStock-1322507941-768x512.jpg 768w, https:\/\/riohill.de\/wp-content\/uploads\/2024\/10\/iStock-1322507941-1536x1024.jpg 1536w, https:\/\/riohill.de\/wp-content\/uploads\/2024\/10\/iStock-1322507941-2048x1365.jpg 2048w\" sizes=\"(max-width: 800px) 100vw, 800px\" \/>\t\t\t\t\t\t\t\t\t\t\t\t\t<\/div>\n\t\t\t\t<\/div>\n\t\t\t\t<\/div>\n\t\t\t\t<\/div>\n\t\t\t\t<\/div>\n\t\t","protected":false},"excerpt":{"rendered":"<p>Elektroinstallateure Wir sehen uns als starken Partner der Elektrobranche. Als\u00a0Dienstleister f\u00fcr Sie arbeiten unsere Systemintegratoren unterst\u00fctzend in Ihren KNX-Projekten und entwickeln gemeinsam mit Ihnen ein Konzept, mit dem der Endkunde voll und ganz zufrieden ist. Wir wissen, was Elektrounternehmen brauchen, wenn es um die KNX-Programmierung eines Smart Home Systems geht. Gemeinsam mit Ihnen gehen wir [&hellip;]<\/p>\n","protected":false},"author":1,"featured_media":0,"parent":0,"menu_order":0,"comment_status":"closed","ping_status":"closed","template":"","meta":{"footnotes":""},"class_list":["post-233","page","type-page","status-publish","hentry"],"_links":{"self":[{"href":"https:\/\/riohill.de\/index.php\/wp-json\/wp\/v2\/pages\/233","targetHints":{"allow":["GET"]}}],"collection":[{"href":"https:\/\/riohill.de\/index.php\/wp-json\/wp\/v2\/pages"}],"about":[{"href":"https:\/\/riohill.de\/index.php\/wp-json\/wp\/v2\/types\/page"}],"author":[{"embeddable":true,"href":"https:\/\/riohill.de\/index.php\/wp-json\/wp\/v2\/users\/1"}],"replies":[{"embeddable":true,"href":"https:\/\/riohill.de\/index.php\/wp-json\/wp\/v2\/comments?post=233"}],"version-history":[{"count":22,"href":"https:\/\/riohill.de\/index.php\/wp-json\/wp\/v2\/pages\/233\/revisions"}],"predecessor-version":[{"id":538,"href":"https:\/\/riohill.de\/index.php\/wp-json\/wp\/v2\/pages\/233\/revisions\/538"}],"wp:attachment":[{"href":"https:\/\/riohill.de\/index.php\/wp-json\/wp\/v2\/media?parent=233"}],"curies":[{"name":"wp","href":"https:\/\/api.w.org\/{rel}","templated":true}]}}