{"id":228,"date":"2024-10-01T09:26:58","date_gmt":"2024-10-01T07:26:58","guid":{"rendered":"https:\/\/wordpress.p678085.webspaceconfig.de\/?page_id=228"},"modified":"2024-11-04T09:45:17","modified_gmt":"2024-11-04T08:45:17","slug":"planer-architekten","status":"publish","type":"page","link":"https:\/\/riohill.de\/index.php\/planer-architekten\/","title":{"rendered":"Planer &amp; Architekten"},"content":{"rendered":"\t\t<div data-elementor-type=\"wp-page\" data-elementor-id=\"228\" class=\"elementor elementor-228\" data-elementor-post-type=\"page\">\n\t\t\t\t<div class=\"elementor-element elementor-element-52fd976e e-con-full e-flex e-con e-parent\" data-id=\"52fd976e\" data-element_type=\"container\" data-settings=\"{&quot;background_background&quot;:&quot;classic&quot;}\">\n\t\t<div class=\"elementor-element elementor-element-1a14013f e-con-full e-flex e-con e-child\" data-id=\"1a14013f\" data-element_type=\"container\">\n\t\t\t\t<div class=\"elementor-element elementor-element-17d88b65 elementor-widget elementor-widget-image\" data-id=\"17d88b65\" data-element_type=\"widget\" data-widget_type=\"image.default\">\n\t\t\t\t<div class=\"elementor-widget-container\">\n\t\t\t\t\t\t\t\t\t\t\t\t\t<img fetchpriority=\"high\" decoding=\"async\" width=\"800\" height=\"534\" src=\"https:\/\/riohill.de\/wp-content\/uploads\/2024\/09\/AdobeStock_723121976-1-1024x683.jpeg\" class=\"attachment-large size-large wp-image-203\" alt=\"\" srcset=\"https:\/\/riohill.de\/wp-content\/uploads\/2024\/09\/AdobeStock_723121976-1-1024x683.jpeg 1024w, https:\/\/riohill.de\/wp-content\/uploads\/2024\/09\/AdobeStock_723121976-1-300x200.jpeg 300w, https:\/\/riohill.de\/wp-content\/uploads\/2024\/09\/AdobeStock_723121976-1-768x512.jpeg 768w, https:\/\/riohill.de\/wp-content\/uploads\/2024\/09\/AdobeStock_723121976-1-1536x1024.jpeg 1536w, https:\/\/riohill.de\/wp-content\/uploads\/2024\/09\/AdobeStock_723121976-1-2048x1365.jpeg 2048w\" sizes=\"(max-width: 800px) 100vw, 800px\" \/>\t\t\t\t\t\t\t\t\t\t\t\t\t<\/div>\n\t\t\t\t<\/div>\n\t\t\t\t<\/div>\n\t\t<div class=\"elementor-element elementor-element-7ba51a02 e-con-full e-flex e-con e-child\" data-id=\"7ba51a02\" data-element_type=\"container\">\n\t\t\t\t<div class=\"elementor-element elementor-element-47893a9d elementor-widget elementor-widget-heading\" data-id=\"47893a9d\" data-element_type=\"widget\" data-widget_type=\"heading.default\">\n\t\t\t\t<div class=\"elementor-widget-container\">\n\t\t\t<h1 class=\"elementor-heading-title elementor-size-default\">Planer &amp; Architekten<\/h1>\t\t<\/div>\n\t\t\t\t<\/div>\n\t\t\t\t<div class=\"elementor-element elementor-element-d62e9b elementor-widget elementor-widget-text-editor\" data-id=\"d62e9b\" data-element_type=\"widget\" data-widget_type=\"text-editor.default\">\n\t\t\t\t<div class=\"elementor-widget-container\">\n\t\t\t\t\t\t\t<p>Die Anforderungen an moderne Architektur sind vielf\u00e4ltig: Energieeffizienz spielt oft eine ebenso gro\u00dfe Rolle wie der Komfort.<\/p><p>Die gewerke\u00fcbergreifende Planung eines Objektes ist heute wichtiger denn je. Als Dienstleister f\u00fcr Geb\u00e4udeautomation stehen unsere Systemintegratoren Ihnen und Ihrem Kunden beratend zur Seite und helfen dabei, die Schnittstellen zwischen den Gewerken optimal zu koordinieren.<\/p><p>Wir liefern Ihnen Programmierl\u00f6sungen auf h\u00f6chstem Niveau und \u00fcbernehmen die KNX-Wartung des fertiggestellten Geb\u00e4udes. So stellen wir sicher, dass Ihre Kunden lange Freude an ihrem neuen Heim haben.<\/p>\t\t\t\t\t\t<\/div>\n\t\t\t\t<\/div>\n\t\t\t\t<\/div>\n\t\t\t\t<\/div>\n\t\t<div class=\"elementor-element elementor-element-b18d052 e-con-full e-flex e-con e-parent\" data-id=\"b18d052\" data-element_type=\"container\" data-settings=\"{&quot;background_background&quot;:&quot;classic&quot;}\">\n\t\t<div class=\"elementor-element elementor-element-6e231576 e-con-full e-flex e-con e-child\" data-id=\"6e231576\" data-element_type=\"container\">\n\t\t\t\t<div class=\"elementor-element elementor-element-7f39badb elementor-widget elementor-widget-text-editor\" data-id=\"7f39badb\" data-element_type=\"widget\" data-widget_type=\"text-editor.default\">\n\t\t\t\t<div class=\"elementor-widget-container\">\n\t\t\t\t\t\t\t<p>Durch unser Know-how aus langj\u00e4hriger Projektarbeit stellen wir bereits vor der eigentlichen Planungsphase die richtigen Fragen. Gemeinsam mit Ihnen m\u00f6chten wir herausfinden, auf welche Themen in der Projektplanung der Schwerpunkt gelegt werden sollte. Jedes smart home ist so individuell wie sein Bewohner. Deshalb ist es wichtig, bereits in diesem fr\u00fchen Stadium auch an zuk\u00fcnftige Erweiterungsm\u00f6glichkeiten zu denken und diese ggf. vorzusehen.<\/p><p><strong>Wir bieten:<\/strong><\/p><ul class=\"tt-list01\"><li><strong>Beratung &amp; Planung der KNX-Anlage<\/strong><\/li><li><strong>Programmierung von KNX-Systemen<\/strong><\/li><li><strong>Inbetriebnahme von KNX-Anlagen<\/strong><\/li><li><strong>Erstellung von Visualisierungen<\/strong><\/li><li><strong>Rekonstruktion von KNX \/EIB Anlagen<\/strong><\/li><\/ul>\t\t\t\t\t\t<\/div>\n\t\t\t\t<\/div>\n\t\t\t\t<\/div>\n\t\t<div class=\"elementor-element elementor-element-508ed50a e-con-full e-flex e-con e-child\" data-id=\"508ed50a\" data-element_type=\"container\">\n\t\t\t\t<div class=\"elementor-element elementor-element-13b4cc29 elementor-widget elementor-widget-image\" data-id=\"13b4cc29\" data-element_type=\"widget\" data-widget_type=\"image.default\">\n\t\t\t\t<div class=\"elementor-widget-container\">\n\t\t\t\t\t\t\t\t\t\t\t\t\t<img decoding=\"async\" width=\"800\" height=\"511\" src=\"https:\/\/riohill.de\/wp-content\/uploads\/2024\/09\/iStock-1225043549-1024x654.jpg\" class=\"attachment-large size-large wp-image-36\" alt=\"\" srcset=\"https:\/\/riohill.de\/wp-content\/uploads\/2024\/09\/iStock-1225043549-1024x654.jpg 1024w, https:\/\/riohill.de\/wp-content\/uploads\/2024\/09\/iStock-1225043549-300x192.jpg 300w, https:\/\/riohill.de\/wp-content\/uploads\/2024\/09\/iStock-1225043549-768x491.jpg 768w, https:\/\/riohill.de\/wp-content\/uploads\/2024\/09\/iStock-1225043549-1536x982.jpg 1536w, https:\/\/riohill.de\/wp-content\/uploads\/2024\/09\/iStock-1225043549-2048x1309.jpg 2048w\" sizes=\"(max-width: 800px) 100vw, 800px\" \/>\t\t\t\t\t\t\t\t\t\t\t\t\t<\/div>\n\t\t\t\t<\/div>\n\t\t\t\t<\/div>\n\t\t\t\t<\/div>\n\t\t\t\t<\/div>\n\t\t","protected":false},"excerpt":{"rendered":"<p>Planer &amp; Architekten Die Anforderungen an moderne Architektur sind vielf\u00e4ltig: Energieeffizienz spielt oft eine ebenso gro\u00dfe Rolle wie der Komfort. Die gewerke\u00fcbergreifende Planung eines Objektes ist heute wichtiger denn je. Als Dienstleister f\u00fcr Geb\u00e4udeautomation stehen unsere Systemintegratoren Ihnen und Ihrem Kunden beratend zur Seite und helfen dabei, die Schnittstellen zwischen den Gewerken optimal zu koordinieren. [&hellip;]<\/p>\n","protected":false},"author":1,"featured_media":0,"parent":0,"menu_order":0,"comment_status":"closed","ping_status":"closed","template":"","meta":{"footnotes":""},"class_list":["post-228","page","type-page","status-publish","hentry"],"_links":{"self":[{"href":"https:\/\/riohill.de\/index.php\/wp-json\/wp\/v2\/pages\/228","targetHints":{"allow":["GET"]}}],"collection":[{"href":"https:\/\/riohill.de\/index.php\/wp-json\/wp\/v2\/pages"}],"about":[{"href":"https:\/\/riohill.de\/index.php\/wp-json\/wp\/v2\/types\/page"}],"author":[{"embeddable":true,"href":"https:\/\/riohill.de\/index.php\/wp-json\/wp\/v2\/users\/1"}],"replies":[{"embeddable":true,"href":"https:\/\/riohill.de\/index.php\/wp-json\/wp\/v2\/comments?post=228"}],"version-history":[{"count":23,"href":"https:\/\/riohill.de\/index.php\/wp-json\/wp\/v2\/pages\/228\/revisions"}],"predecessor-version":[{"id":544,"href":"https:\/\/riohill.de\/index.php\/wp-json\/wp\/v2\/pages\/228\/revisions\/544"}],"wp:attachment":[{"href":"https:\/\/riohill.de\/index.php\/wp-json\/wp\/v2\/media?parent=228"}],"curies":[{"name":"wp","href":"https:\/\/api.w.org\/{rel}","templated":true}]}}