{"id":10,"date":"2024-09-24T13:40:47","date_gmt":"2024-09-24T11:40:47","guid":{"rendered":"https:\/\/wordpress.p678085.webspaceconfig.de\/?page_id=10"},"modified":"2024-10-31T15:38:00","modified_gmt":"2024-10-31T14:38:00","slug":"startseite","status":"publish","type":"page","link":"https:\/\/riohill.de\/","title":{"rendered":"Startseite"},"content":{"rendered":"\t\t<div data-elementor-type=\"wp-page\" data-elementor-id=\"10\" class=\"elementor elementor-10\" data-elementor-post-type=\"page\">\n\t\t\t\t\t\t<section class=\"elementor-section elementor-top-section elementor-element elementor-element-2a72de3 elementor-section-boxed elementor-section-height-default elementor-section-height-default\" data-id=\"2a72de3\" data-element_type=\"section\">\n\t\t\t\t\t\t<div class=\"elementor-container elementor-column-gap-default\">\n\t\t\t\t\t\t<\/div>\n\t\t<\/section>\n\t\t<div class=\"elementor-element elementor-element-16330752 e-flex e-con-boxed e-con e-parent\" data-id=\"16330752\" data-element_type=\"container\" data-settings=\"{&quot;background_background&quot;:&quot;classic&quot;}\">\n\t\t\t\t\t<div class=\"e-con-inner\">\n\t\t\t\t<div class=\"elementor-element elementor-element-9347ce0 elementor-widget__width-initial elementor-widget elementor-widget-image\" data-id=\"9347ce0\" data-element_type=\"widget\" data-widget_type=\"image.default\">\n\t\t\t\t<div class=\"elementor-widget-container\">\n\t\t\t\t\t\t\t\t\t\t\t\t\t<img fetchpriority=\"high\" decoding=\"async\" width=\"1052\" height=\"853\" src=\"https:\/\/riohill.de\/wp-content\/uploads\/2024\/09\/Weiss.png\" class=\"attachment-full size-full wp-image-110\" alt=\"\" srcset=\"https:\/\/riohill.de\/wp-content\/uploads\/2024\/09\/Weiss.png 1052w, https:\/\/riohill.de\/wp-content\/uploads\/2024\/09\/Weiss-300x243.png 300w, https:\/\/riohill.de\/wp-content\/uploads\/2024\/09\/Weiss-1024x830.png 1024w, https:\/\/riohill.de\/wp-content\/uploads\/2024\/09\/Weiss-768x623.png 768w\" sizes=\"(max-width: 1052px) 100vw, 1052px\" \/>\t\t\t\t\t\t\t\t\t\t\t\t\t<\/div>\n\t\t\t\t<\/div>\n\t\t\t\t\t<\/div>\n\t\t\t\t<\/div>\n\t\t<div class=\"elementor-element elementor-element-c88adc8 e-flex e-con-boxed e-con e-parent\" data-id=\"c88adc8\" data-element_type=\"container\" data-settings=\"{&quot;background_background&quot;:&quot;classic&quot;}\">\n\t\t\t\t\t<div class=\"e-con-inner\">\n\t\t<div class=\"elementor-element elementor-element-e91a000 e-con-full e-flex e-con e-child\" data-id=\"e91a000\" data-element_type=\"container\">\n\t\t\t\t<div class=\"elementor-element elementor-element-64e5c29 elementor-widget elementor-widget-image\" data-id=\"64e5c29\" data-element_type=\"widget\" data-widget_type=\"image.default\">\n\t\t\t\t<div class=\"elementor-widget-container\">\n\t\t\t\t\t\t\t\t\t\t\t\t\t<img decoding=\"async\" width=\"2560\" height=\"1707\" src=\"https:\/\/riohill.de\/wp-content\/uploads\/2024\/09\/iStock-1413855120-scaled.jpg\" class=\"attachment-full size-full wp-image-40\" alt=\"\" srcset=\"https:\/\/riohill.de\/wp-content\/uploads\/2024\/09\/iStock-1413855120-scaled.jpg 2560w, https:\/\/riohill.de\/wp-content\/uploads\/2024\/09\/iStock-1413855120-300x200.jpg 300w, https:\/\/riohill.de\/wp-content\/uploads\/2024\/09\/iStock-1413855120-1024x683.jpg 1024w, https:\/\/riohill.de\/wp-content\/uploads\/2024\/09\/iStock-1413855120-768x512.jpg 768w, https:\/\/riohill.de\/wp-content\/uploads\/2024\/09\/iStock-1413855120-1536x1024.jpg 1536w, https:\/\/riohill.de\/wp-content\/uploads\/2024\/09\/iStock-1413855120-2048x1365.jpg 2048w\" sizes=\"(max-width: 2560px) 100vw, 2560px\" \/>\t\t\t\t\t\t\t\t\t\t\t\t\t<\/div>\n\t\t\t\t<\/div>\n\t\t\t\t<\/div>\n\t\t<div class=\"elementor-element elementor-element-f88ae06 e-con-full e-flex e-con e-child\" data-id=\"f88ae06\" data-element_type=\"container\">\n\t\t\t\t<div class=\"elementor-element elementor-element-66c9328 elementor-widget elementor-widget-heading\" data-id=\"66c9328\" data-element_type=\"widget\" data-widget_type=\"heading.default\">\n\t\t\t\t<div class=\"elementor-widget-container\">\n\t\t\t<h2 class=\"elementor-heading-title elementor-size-default\">Geb\u00e4udetechnik neu definiert \u2013 Ihr Elektro Meisterbetrieb f\u00fcr KNX-Systeme<\/h2>\t\t<\/div>\n\t\t\t\t<\/div>\n\t\t\t\t<div class=\"elementor-element elementor-element-1b327d2 elementor-widget elementor-widget-text-editor\" data-id=\"1b327d2\" data-element_type=\"widget\" data-widget_type=\"text-editor.default\">\n\t\t\t\t<div class=\"elementor-widget-container\">\n\t\t\t\t\t\t\t<p>Suchen Sie einen zuverl\u00e4ssigen Elektriker in M\u00fcnchen und Umgebung? Bei RioHill setzen wir neue Ma\u00dfst\u00e4be in der modernen Geb\u00e4udetechnik. Unser Leistungsspektrum umfasst umfassende Dienstleistungen in der Elektrotechnik sowie die professionelle Integration von KNX-Systemen.<\/p>\t\t\t\t\t\t<\/div>\n\t\t\t\t<\/div>\n\t\t\t\t<div class=\"elementor-element elementor-element-351130e elementor-tablet-align-center elementor-mobile-align-left elementor-widget elementor-widget-button\" data-id=\"351130e\" data-element_type=\"widget\" data-widget_type=\"button.default\">\n\t\t\t\t<div class=\"elementor-widget-container\">\n\t\t\t\t\t<div class=\"elementor-button-wrapper\">\n\t\t\t<a class=\"elementor-button elementor-button-link elementor-size-sm\" href=\"https:\/\/riohill.de\/index.php\/kontakt\/#\">\n\t\t\t\t\t\t<span class=\"elementor-button-content-wrapper\">\n\t\t\t\t\t\t\t\t\t<span class=\"elementor-button-text\">Termin vereinbaren<\/span>\n\t\t\t\t\t<\/span>\n\t\t\t\t\t<\/a>\n\t\t<\/div>\n\t\t\t\t<\/div>\n\t\t\t\t<\/div>\n\t\t\t\t<\/div>\n\t\t\t\t\t<\/div>\n\t\t\t\t<\/div>\n\t\t<div class=\"elementor-element elementor-element-99b6980 e-con-full e-flex e-con e-parent\" data-id=\"99b6980\" data-element_type=\"container\" data-settings=\"{&quot;background_background&quot;:&quot;classic&quot;}\">\n\t\t<div class=\"elementor-element elementor-element-e151026 e-con-full e-flex e-con e-child\" data-id=\"e151026\" data-element_type=\"container\">\n\t\t\t\t<div class=\"elementor-element elementor-element-3b01448 elementor-widget elementor-widget-heading\" data-id=\"3b01448\" data-element_type=\"widget\" data-widget_type=\"heading.default\">\n\t\t\t\t<div class=\"elementor-widget-container\">\n\t\t\t<h2 class=\"elementor-heading-title elementor-size-default\">Warum RioHill?<\/h2>\t\t<\/div>\n\t\t\t\t<\/div>\n\t\t\t\t<div class=\"elementor-element elementor-element-e6cd77f elementor-widget elementor-widget-heading\" data-id=\"e6cd77f\" data-element_type=\"widget\" data-widget_type=\"heading.default\">\n\t\t\t\t<div class=\"elementor-widget-container\">\n\t\t\t<div class=\"elementor-heading-title elementor-size-default\">Erfahrenes Team<\/div>\t\t<\/div>\n\t\t\t\t<\/div>\n\t\t\t\t<div class=\"elementor-element elementor-element-3b7503c elementor-widget elementor-widget-text-editor\" data-id=\"3b7503c\" data-element_type=\"widget\" data-widget_type=\"text-editor.default\">\n\t\t\t\t<div class=\"elementor-widget-container\">\n\t\t\t\t\t\t\t<p>Unser qualifiziertes Fachpersonal bringt umfangreiche Erfahrung und Expertise mit, um Ihre elektrischen Anlagen sicher, effizient und zukunftsorientiert zu gestalten.<\/p>\t\t\t\t\t\t<\/div>\n\t\t\t\t<\/div>\n\t\t\t\t<\/div>\n\t\t<div class=\"elementor-element elementor-element-fcd231f e-con-full e-flex e-con e-child\" data-id=\"fcd231f\" data-element_type=\"container\">\n\t\t\t\t<div class=\"elementor-element elementor-element-821bbc8 elementor-widget elementor-widget-image\" data-id=\"821bbc8\" data-element_type=\"widget\" data-widget_type=\"image.default\">\n\t\t\t\t<div class=\"elementor-widget-container\">\n\t\t\t\t\t\t\t\t\t\t\t\t\t<img decoding=\"async\" width=\"2560\" height=\"1707\" src=\"https:\/\/riohill.de\/wp-content\/uploads\/2024\/09\/AdobeStock_569362134-scaled.jpeg\" class=\"attachment-full size-full wp-image-139\" alt=\"\" srcset=\"https:\/\/riohill.de\/wp-content\/uploads\/2024\/09\/AdobeStock_569362134-scaled.jpeg 2560w, https:\/\/riohill.de\/wp-content\/uploads\/2024\/09\/AdobeStock_569362134-300x200.jpeg 300w, https:\/\/riohill.de\/wp-content\/uploads\/2024\/09\/AdobeStock_569362134-1024x683.jpeg 1024w, https:\/\/riohill.de\/wp-content\/uploads\/2024\/09\/AdobeStock_569362134-768x512.jpeg 768w, https:\/\/riohill.de\/wp-content\/uploads\/2024\/09\/AdobeStock_569362134-1536x1024.jpeg 1536w, https:\/\/riohill.de\/wp-content\/uploads\/2024\/09\/AdobeStock_569362134-2048x1365.jpeg 2048w\" sizes=\"(max-width: 2560px) 100vw, 2560px\" \/>\t\t\t\t\t\t\t\t\t\t\t\t\t<\/div>\n\t\t\t\t<\/div>\n\t\t\t\t<\/div>\n\t\t\t\t<\/div>\n\t\t<div class=\"elementor-element elementor-element-f8d598e e-con-full e-flex e-con e-parent\" data-id=\"f8d598e\" data-element_type=\"container\" data-settings=\"{&quot;background_background&quot;:&quot;classic&quot;}\">\n\t\t<div class=\"elementor-element elementor-element-d2d1dd2 e-con-full e-flex e-con e-child\" data-id=\"d2d1dd2\" data-element_type=\"container\">\n\t\t\t\t<div class=\"elementor-element elementor-element-3e409e2 elementor-widget elementor-widget-image\" data-id=\"3e409e2\" data-element_type=\"widget\" data-widget_type=\"image.default\">\n\t\t\t\t<div class=\"elementor-widget-container\">\n\t\t\t\t\t\t\t\t\t\t\t\t\t<img loading=\"lazy\" decoding=\"async\" width=\"2560\" height=\"1707\" src=\"https:\/\/riohill.de\/wp-content\/uploads\/2024\/09\/AdobeStock_291900007-scaled.jpeg\" class=\"attachment-full size-full wp-image-138\" alt=\"\" srcset=\"https:\/\/riohill.de\/wp-content\/uploads\/2024\/09\/AdobeStock_291900007-scaled.jpeg 2560w, https:\/\/riohill.de\/wp-content\/uploads\/2024\/09\/AdobeStock_291900007-300x200.jpeg 300w, https:\/\/riohill.de\/wp-content\/uploads\/2024\/09\/AdobeStock_291900007-1024x683.jpeg 1024w, https:\/\/riohill.de\/wp-content\/uploads\/2024\/09\/AdobeStock_291900007-768x512.jpeg 768w, https:\/\/riohill.de\/wp-content\/uploads\/2024\/09\/AdobeStock_291900007-1536x1024.jpeg 1536w, https:\/\/riohill.de\/wp-content\/uploads\/2024\/09\/AdobeStock_291900007-2048x1365.jpeg 2048w\" sizes=\"(max-width: 2560px) 100vw, 2560px\" \/>\t\t\t\t\t\t\t\t\t\t\t\t\t<\/div>\n\t\t\t\t<\/div>\n\t\t\t\t<\/div>\n\t\t<div class=\"elementor-element elementor-element-10f313f e-con-full e-flex e-con e-child\" data-id=\"10f313f\" data-element_type=\"container\">\n\t\t\t\t<div class=\"elementor-element elementor-element-8f41b93 elementor-widget elementor-widget-heading\" data-id=\"8f41b93\" data-element_type=\"widget\" data-widget_type=\"heading.default\">\n\t\t\t\t<div class=\"elementor-widget-container\">\n\t\t\t<div class=\"elementor-heading-title elementor-size-default\">Individuelle L\u00f6sungen<\/div>\t\t<\/div>\n\t\t\t\t<\/div>\n\t\t\t\t<div class=\"elementor-element elementor-element-d6c36e2 elementor-widget elementor-widget-text-editor\" data-id=\"d6c36e2\" data-element_type=\"widget\" data-widget_type=\"text-editor.default\">\n\t\t\t\t<div class=\"elementor-widget-container\">\n\t\t\t\t\t\t\t<p>Wir bieten ma\u00dfgeschneiderte L\u00f6sungen f\u00fcr Ihre spezifischen Anforderungen im Bereich der Geb\u00e4udetechnik. Egal, ob es sich um Neubauten oder Renovierungen handelt, wir sind Ihr kompetenter Partner.<\/p>\t\t\t\t\t\t<\/div>\n\t\t\t\t<\/div>\n\t\t\t\t<\/div>\n\t\t\t\t<\/div>\n\t\t<div class=\"elementor-element elementor-element-90b1701 e-con-full e-flex e-con e-parent\" data-id=\"90b1701\" data-element_type=\"container\" data-settings=\"{&quot;background_background&quot;:&quot;classic&quot;}\">\n\t\t<div class=\"elementor-element elementor-element-759d3d9 e-con-full e-flex e-con e-child\" data-id=\"759d3d9\" data-element_type=\"container\">\n\t\t\t\t<div class=\"elementor-element elementor-element-3be6346 elementor-widget elementor-widget-heading\" data-id=\"3be6346\" data-element_type=\"widget\" data-widget_type=\"heading.default\">\n\t\t\t\t<div class=\"elementor-widget-container\">\n\t\t\t<div class=\"elementor-heading-title elementor-size-default\">Zukunftssichere Technik<\/div>\t\t<\/div>\n\t\t\t\t<\/div>\n\t\t\t\t<div class=\"elementor-element elementor-element-d571f32 elementor-widget__width-initial elementor-widget elementor-widget-text-editor\" data-id=\"d571f32\" data-element_type=\"widget\" data-widget_type=\"text-editor.default\">\n\t\t\t\t<div class=\"elementor-widget-container\">\n\t\t\t\t\t\t\t<p>Mit der Integration von KNX-Systemen erm\u00f6glichen wir Ihnen eine intelligente Steuerung Ihrer Geb\u00e4udeautomation. Profitieren Sie von modernster Technologie f\u00fcr mehr Komfort und Energieeffizienz.<\/p>\t\t\t\t\t\t<\/div>\n\t\t\t\t<\/div>\n\t\t\t\t<\/div>\n\t\t<div class=\"elementor-element elementor-element-e0b5a81 e-con-full e-flex e-con e-child\" data-id=\"e0b5a81\" data-element_type=\"container\">\n\t\t\t\t<div class=\"elementor-element elementor-element-ffca7d9 elementor-widget elementor-widget-image\" data-id=\"ffca7d9\" data-element_type=\"widget\" data-widget_type=\"image.default\">\n\t\t\t\t<div class=\"elementor-widget-container\">\n\t\t\t\t\t\t\t\t\t\t\t\t\t<img loading=\"lazy\" decoding=\"async\" width=\"2560\" height=\"1870\" src=\"https:\/\/riohill.de\/wp-content\/uploads\/2024\/09\/iStock-146954422-scaled.jpg\" class=\"attachment-full size-full wp-image-35\" alt=\"\" srcset=\"https:\/\/riohill.de\/wp-content\/uploads\/2024\/09\/iStock-146954422-scaled.jpg 2560w, https:\/\/riohill.de\/wp-content\/uploads\/2024\/09\/iStock-146954422-300x219.jpg 300w, https:\/\/riohill.de\/wp-content\/uploads\/2024\/09\/iStock-146954422-1024x748.jpg 1024w, https:\/\/riohill.de\/wp-content\/uploads\/2024\/09\/iStock-146954422-768x561.jpg 768w, https:\/\/riohill.de\/wp-content\/uploads\/2024\/09\/iStock-146954422-1536x1122.jpg 1536w, https:\/\/riohill.de\/wp-content\/uploads\/2024\/09\/iStock-146954422-2048x1496.jpg 2048w\" sizes=\"(max-width: 2560px) 100vw, 2560px\" \/>\t\t\t\t\t\t\t\t\t\t\t\t\t<\/div>\n\t\t\t\t<\/div>\n\t\t\t\t<\/div>\n\t\t\t\t<\/div>\n\t\t<div class=\"elementor-element elementor-element-3198d5e3 e-flex e-con-boxed e-con e-parent\" data-id=\"3198d5e3\" data-element_type=\"container\" data-settings=\"{&quot;background_background&quot;:&quot;classic&quot;}\">\n\t\t\t\t\t<div class=\"e-con-inner\">\n\t\t\t\t<div class=\"elementor-element elementor-element-252aaa27 elementor-widget elementor-widget-heading\" data-id=\"252aaa27\" data-element_type=\"widget\" data-widget_type=\"heading.default\">\n\t\t\t\t<div class=\"elementor-widget-container\">\n\t\t\t<h2 class=\"elementor-heading-title elementor-size-default\">Unsere Leistungen<\/h2>\t\t<\/div>\n\t\t\t\t<\/div>\n\t\t\t\t\t<\/div>\n\t\t\t\t<\/div>\n\t\t<div class=\"elementor-element elementor-element-06a9543 e-grid e-con-boxed e-con e-parent\" data-id=\"06a9543\" data-element_type=\"container\" data-settings=\"{&quot;background_background&quot;:&quot;classic&quot;}\">\n\t\t\t\t\t<div class=\"e-con-inner\">\n\t\t\t\t<div class=\"elementor-element elementor-element-9ee2b03 elementor-flip-box--effect-fade elementor-widget elementor-widget-flip-box\" data-id=\"9ee2b03\" data-element_type=\"widget\" data-widget_type=\"flip-box.default\">\n\t\t\t\t<div class=\"elementor-widget-container\">\n\t\t\t\t\t<div class=\"elementor-flip-box\" tabindex=\"0\">\n\t\t\t<div class=\"elementor-flip-box__layer elementor-flip-box__front\">\n\t\t\t\t<div class=\"elementor-flip-box__layer__overlay\">\n\t\t\t\t\t<div class=\"elementor-flip-box__layer__inner\">\n\t\t\t\t\t\t\n\t\t\t\t\t\t\n\t\t\t\t\t\t\t\t\t\t\t<\/div>\n\t\t\t\t<\/div>\n\t\t\t<\/div>\n\t\t\t<div class=\"elementor-flip-box__layer elementor-flip-box__back\">\n\t\t\t<div class=\"elementor-flip-box__layer__overlay\">\n\t\t\t\t<div class=\"elementor-flip-box__layer__inner\">\n\t\t\t\t\t\t\t\t\t\t\t<h3 class=\"elementor-flip-box__layer__title\">\n\t\t\t\t\t\t\tElektroinstallation\t\t\t\t\t\t<\/h3>\n\t\t\t\t\t\n\t\t\t\t\t\t\t\t\t\t\t<div class=\"elementor-flip-box__layer__description\">\n\t\t\t\t\t\t\tEgal ob Neubau, Umbau oder Renovierung - wir \u00fcbernehmen die Planung und Umsetzung Ihrer Elektroinstallationen. Von der Verkabelung bis zur Installationen von Schaltern und Steckdosen sind wir Ihr kompetenter Partner in M\u00fcnchen.\t\t\t\t\t\t<\/div>\n\t\t\t\t\t\n\t\t\t\t\t\t\t\t<\/div>\n\t\t<\/div>\n\t\t<\/div>\n\t\t<\/div>\n\t\t\t\t<\/div>\n\t\t\t\t<\/div>\n\t\t\t\t<div class=\"elementor-element elementor-element-086c028 elementor-flip-box--effect-fade elementor-widget__width-initial elementor-widget elementor-widget-flip-box\" data-id=\"086c028\" data-element_type=\"widget\" data-widget_type=\"flip-box.default\">\n\t\t\t\t<div class=\"elementor-widget-container\">\n\t\t\t\t\t<div class=\"elementor-flip-box\" tabindex=\"0\">\n\t\t\t<div class=\"elementor-flip-box__layer elementor-flip-box__front\">\n\t\t\t\t<div class=\"elementor-flip-box__layer__overlay\">\n\t\t\t\t\t<div class=\"elementor-flip-box__layer__inner\">\n\t\t\t\t\t\t\n\t\t\t\t\t\t\n\t\t\t\t\t\t\t\t\t\t\t<\/div>\n\t\t\t\t<\/div>\n\t\t\t<\/div>\n\t\t\t<div class=\"elementor-flip-box__layer elementor-flip-box__back\">\n\t\t\t<div class=\"elementor-flip-box__layer__overlay\">\n\t\t\t\t<div class=\"elementor-flip-box__layer__inner\">\n\t\t\t\t\t\t\t\t\t\t\t<h3 class=\"elementor-flip-box__layer__title\">\n\t\t\t\t\t\t\tSmart Home\t\t\t\t\t\t<\/h3>\n\t\t\t\t\t\n\t\t\t\t\t\t\t\t\t\t\t<div class=\"elementor-flip-box__layer__description\">\n\t\t\t\t\t\t\tMachen SIe Ihr Zuhause intelligenter und komfortabler. Wir bieten ma\u00dfgeschneiderte Smart Home Systeme, die Ihre Lebensqualit\u00e4t steigern und Energie sparen\t\t\t\t\t\t<\/div>\n\t\t\t\t\t\n\t\t\t\t\t\t\t\t<\/div>\n\t\t<\/div>\n\t\t<\/div>\n\t\t<\/div>\n\t\t\t\t<\/div>\n\t\t\t\t<\/div>\n\t\t\t\t\t<\/div>\n\t\t\t\t<\/div>\n\t\t<div class=\"elementor-element elementor-element-4bf5695 e-grid e-con-boxed e-con e-parent\" data-id=\"4bf5695\" data-element_type=\"container\" data-settings=\"{&quot;background_background&quot;:&quot;classic&quot;}\">\n\t\t\t\t\t<div class=\"e-con-inner\">\n\t\t\t\t<div class=\"elementor-element elementor-element-113c81e elementor-flip-box--effect-fade elementor-widget elementor-widget-flip-box\" data-id=\"113c81e\" data-element_type=\"widget\" data-widget_type=\"flip-box.default\">\n\t\t\t\t<div class=\"elementor-widget-container\">\n\t\t\t\t\t<div class=\"elementor-flip-box\" tabindex=\"0\">\n\t\t\t<div class=\"elementor-flip-box__layer elementor-flip-box__front\">\n\t\t\t\t<div class=\"elementor-flip-box__layer__overlay\">\n\t\t\t\t\t<div class=\"elementor-flip-box__layer__inner\">\n\t\t\t\t\t\t\n\t\t\t\t\t\t\n\t\t\t\t\t\t\t\t\t\t\t<\/div>\n\t\t\t\t<\/div>\n\t\t\t<\/div>\n\t\t\t<div class=\"elementor-flip-box__layer elementor-flip-box__back\">\n\t\t\t<div class=\"elementor-flip-box__layer__overlay\">\n\t\t\t\t<div class=\"elementor-flip-box__layer__inner\">\n\t\t\t\t\t\t\t\t\t\t\t<h3 class=\"elementor-flip-box__layer__title\">\n\t\t\t\t\t\t\tBeleuchtung\t\t\t\t\t\t<\/h3>\n\t\t\t\t\t\n\t\t\t\t\t\t\t\t\t\t\t<div class=\"elementor-flip-box__layer__description\">\n\t\t\t\t\t\t\tSetzen Sie Akzente mit moderner Beleuchtungstechnik. Wir beraten Sie bei der Auswahl energieeffizienterLED-Beleuchtungsl\u00f6sungen f\u00fcr Innen- und Au\u00dfenbereiche.\t\t\t\t\t\t<\/div>\n\t\t\t\t\t\n\t\t\t\t\t\t\t\t<\/div>\n\t\t<\/div>\n\t\t<\/div>\n\t\t<\/div>\n\t\t\t\t<\/div>\n\t\t\t\t<\/div>\n\t\t\t\t<div class=\"elementor-element elementor-element-50cd1f1 elementor-flip-box--effect-fade elementor-widget elementor-widget-flip-box\" data-id=\"50cd1f1\" data-element_type=\"widget\" data-widget_type=\"flip-box.default\">\n\t\t\t\t<div class=\"elementor-widget-container\">\n\t\t\t\t\t<div class=\"elementor-flip-box\" tabindex=\"0\">\n\t\t\t<div class=\"elementor-flip-box__layer elementor-flip-box__front\">\n\t\t\t\t<div class=\"elementor-flip-box__layer__overlay\">\n\t\t\t\t\t<div class=\"elementor-flip-box__layer__inner\">\n\t\t\t\t\t\t\n\t\t\t\t\t\t\n\t\t\t\t\t\t\t\t\t\t\t<\/div>\n\t\t\t\t<\/div>\n\t\t\t<\/div>\n\t\t\t<div class=\"elementor-flip-box__layer elementor-flip-box__back\">\n\t\t\t<div class=\"elementor-flip-box__layer__overlay\">\n\t\t\t\t<div class=\"elementor-flip-box__layer__inner\">\n\t\t\t\t\t\t\t\t\t\t\t<h3 class=\"elementor-flip-box__layer__title\">\n\t\t\t\t\t\t\tReparatur & Wartung\t\t\t\t\t\t<\/h3>\n\t\t\t\t\t\n\t\t\t\t\t\t\t\t\t\t\t<div class=\"elementor-flip-box__layer__description\">\n\t\t\t\t\t\t\tRegelm\u00e4\u00dfige Wartung erh\u00f6ht die Lebensdauer Ihrer elektrischen Anlagen. Unser Service umfasst Inspektionen, Reparaturen und den Austausch defekter Komponenten.\t\t\t\t\t\t<\/div>\n\t\t\t\t\t\n\t\t\t\t\t\t\t\t<\/div>\n\t\t<\/div>\n\t\t<\/div>\n\t\t<\/div>\n\t\t\t\t<\/div>\n\t\t\t\t<\/div>\n\t\t\t\t\t<\/div>\n\t\t\t\t<\/div>\n\t\t<div class=\"elementor-element elementor-element-1c4bf3f0 e-con-full e-flex e-con e-parent\" data-id=\"1c4bf3f0\" data-element_type=\"container\">\n\t\t<div class=\"elementor-element elementor-element-10b949db e-con-full e-flex e-con e-child\" data-id=\"10b949db\" data-element_type=\"container\" data-settings=\"{&quot;background_background&quot;:&quot;slideshow&quot;,&quot;background_slideshow_gallery&quot;:[{&quot;id&quot;:48,&quot;url&quot;:&quot;http:\\\/\\\/riohill.de\\\/wp-content\\\/uploads\\\/2024\\\/09\\\/stephan-bechert-yFV39g6AZ5o-unsplash-scaled.jpg&quot;},{&quot;id&quot;:46,&quot;url&quot;:&quot;http:\\\/\\\/riohill.de\\\/wp-content\\\/uploads\\\/2024\\\/09\\\/r-architecture-T6d96Qrb5MY-unsplash-scaled.jpg&quot;},{&quot;id&quot;:45,&quot;url&quot;:&quot;http:\\\/\\\/riohill.de\\\/wp-content\\\/uploads\\\/2024\\\/09\\\/r-architecture-GGupkreKwxA-unsplash-scaled.jpg&quot;}],&quot;background_slideshow_loop&quot;:&quot;yes&quot;,&quot;background_slideshow_slide_duration&quot;:5000,&quot;background_slideshow_slide_transition&quot;:&quot;fade&quot;,&quot;background_slideshow_transition_duration&quot;:500}\">\n\t\t\t\t<\/div>\n\t\t<div class=\"elementor-element elementor-element-26c20173 e-con-full e-flex e-con e-child\" data-id=\"26c20173\" data-element_type=\"container\" data-settings=\"{&quot;background_background&quot;:&quot;classic&quot;}\">\n\t\t\t\t<div class=\"elementor-element elementor-element-3d2cbb97 elementor-widget elementor-widget-heading\" data-id=\"3d2cbb97\" data-element_type=\"widget\" data-widget_type=\"heading.default\">\n\t\t\t\t<div class=\"elementor-widget-container\">\n\t\t\t<h2 class=\"elementor-heading-title elementor-size-default\">Ihr Experte f\u00fcr Elektroinstallationen und KNX-Beratung<\/h2>\t\t<\/div>\n\t\t\t\t<\/div>\n\t\t\t\t<div class=\"elementor-element elementor-element-3f9841a6 elementor-widget elementor-widget-text-editor\" data-id=\"3f9841a6\" data-element_type=\"widget\" data-widget_type=\"text-editor.default\">\n\t\t\t\t<div class=\"elementor-widget-container\">\n\t\t\t\t\t\t\t<p>&#8211; in M\u00fcnchen und Umgebung<\/p>\t\t\t\t\t\t<\/div>\n\t\t\t\t<\/div>\n\t\t\t\t<div class=\"elementor-element elementor-element-daeaef elementor-tablet-align-center elementor-mobile-align-left elementor-widget elementor-widget-button\" data-id=\"daeaef\" data-element_type=\"widget\" data-widget_type=\"button.default\">\n\t\t\t\t<div class=\"elementor-widget-container\">\n\t\t\t\t\t<div class=\"elementor-button-wrapper\">\n\t\t\t<a class=\"elementor-button elementor-button-link elementor-size-sm\" href=\"https:\/\/riohill.de\/index.php\/kontakt\/#\">\n\t\t\t\t\t\t<span class=\"elementor-button-content-wrapper\">\n\t\t\t\t\t\t\t\t\t<span class=\"elementor-button-text\">Termin vereinbaren<\/span>\n\t\t\t\t\t<\/span>\n\t\t\t\t\t<\/a>\n\t\t<\/div>\n\t\t\t\t<\/div>\n\t\t\t\t<\/div>\n\t\t\t\t<\/div>\n\t\t\t\t<\/div>\n\t\t\t\t<\/div>\n\t\t","protected":false},"excerpt":{"rendered":"<p>Geb\u00e4udetechnik neu definiert \u2013 Ihr Elektro Meisterbetrieb f\u00fcr KNX-Systeme Suchen Sie einen zuverl\u00e4ssigen Elektriker in M\u00fcnchen und Umgebung? Bei RioHill setzen wir neue Ma\u00dfst\u00e4be in der modernen Geb\u00e4udetechnik. Unser Leistungsspektrum umfasst umfassende Dienstleistungen in der Elektrotechnik sowie die professionelle Integration von KNX-Systemen. Termin vereinbaren Warum RioHill? Erfahrenes Team Unser qualifiziertes Fachpersonal bringt umfangreiche Erfahrung und [&hellip;]<\/p>\n","protected":false},"author":1,"featured_media":0,"parent":0,"menu_order":0,"comment_status":"closed","ping_status":"closed","template":"","meta":{"footnotes":""},"class_list":["post-10","page","type-page","status-publish","hentry"],"_links":{"self":[{"href":"https:\/\/riohill.de\/index.php\/wp-json\/wp\/v2\/pages\/10","targetHints":{"allow":["GET"]}}],"collection":[{"href":"https:\/\/riohill.de\/index.php\/wp-json\/wp\/v2\/pages"}],"about":[{"href":"https:\/\/riohill.de\/index.php\/wp-json\/wp\/v2\/types\/page"}],"author":[{"embeddable":true,"href":"https:\/\/riohill.de\/index.php\/wp-json\/wp\/v2\/users\/1"}],"replies":[{"embeddable":true,"href":"https:\/\/riohill.de\/index.php\/wp-json\/wp\/v2\/comments?post=10"}],"version-history":[{"count":139,"href":"https:\/\/riohill.de\/index.php\/wp-json\/wp\/v2\/pages\/10\/revisions"}],"predecessor-version":[{"id":524,"href":"https:\/\/riohill.de\/index.php\/wp-json\/wp\/v2\/pages\/10\/revisions\/524"}],"wp:attachment":[{"href":"https:\/\/riohill.de\/index.php\/wp-json\/wp\/v2\/media?parent=10"}],"curies":[{"name":"wp","href":"https:\/\/api.w.org\/{rel}","templated":true}]}}